{"id":21,"date":"2018-05-21T10:31:52","date_gmt":"2018-05-21T08:31:52","guid":{"rendered":"https:\/\/binomix.com\/?page_id=21"},"modified":"2023-04-21T16:11:53","modified_gmt":"2023-04-21T14:11:53","slug":"avis-legal","status":"publish","type":"page","link":"https:\/\/nanohub.cat\/ca\/avis-legal\/","title":{"rendered":"Av\u00eds Legal"},"content":{"rendered":"\n<div class=\"textos-legals\">\n<h1>Av\u00eds Legal<\/h1>\n<h2>PROTECCI\u00d3 DE DADES I LSSI<\/h2>\n<p>En compliment de la Llei Org\u00e0nica 15\/1999, de Protecci\u00f3 de Dades de Car\u00e0cter Personal i la seva normativa de desenvolupament, informem l&#8217;Usuari que les seves dades, recollides en el cas d&#8217;accedir, navegar, registrar-se i \/ o utilitzar la web i \/ o els Serveis, seran tractades en un fitxer responsabilitat de l&#8217;CL\u00daSTERMAV, les finalitats s\u00f3n:<\/p>\n<ul>\n<li>Gestionar la relaci\u00f3 comercial amb l&#8217;Usuari<\/li>\n<li>Informar de nous productes i serveis propis, que puguin ser del seu inter\u00e8s, mitjan\u00e7ant correu electr\u00f2nic a trav\u00e9s d&#8217;un altre mitj\u00e0 de comunicaci\u00f3 electr\u00f2nica equivalent, correu ordinari, tel\u00e8fon, fax, etc a aquells usuaris que hagin atorgat expressament el seu consentiment per a la recepci\u00f3 d&#8217;aquestes comunicacions de conformitat amb la llei 34\/2002, de 11 de juliol de Serveis de la Informaci\u00f3 i del Comer\u00e7 Electr\u00f2nic, excepte quan hi hagi una relaci\u00f3 contractual pr\u00e8via en atenci\u00f3 al que disposa l&#8217;article 21.2 de l&#8217;esmentada llei. Perdurant la seva autoritzaci\u00f3, en relaci\u00f3 amb aquest \u00faltim sup\u00f2sit, fins i tot un cop conclosa la seva relaci\u00f3 amb aTotarreu SL fins que no sigui revocada. En cas que vol l&#8217;Usuari vol oposar-se als drets de comunicaci\u00f3 comercial s&#8217;haur\u00e0 de posar en contacte per mitj\u00e0 de correu amb el CL\u00daSTERMAV i expressar-espec\u00edficament.<\/li>\n<li>Dur a terme estudis interns i informes amb l&#8217;objectiu de millorar els nostres serveis segons les prefer\u00e8ncies dels usuaris.<\/li>\n<\/ul>\n<h2>CONSENTIMENT<\/h2>\n<p>L&#8217;usuari prestar\u00e0 el seu consentiment perqu\u00e8 el CL\u00daSTERMAV pugui fer \u00fas de les seves dades personals a fi de prestar un correcte compliment dels serveis contractats.<\/p>\n<p>L&#8217;emplenament del formulari i l&#8217;acceptaci\u00f3 de les Condicions d&#8217;\u00fas i Pol\u00edtica de privacitat en el proc\u00e9s de registre al web de la Plataforma NanoHUB implica el consentiment expr\u00e9s del client a la inclusi\u00f3 de les seves dades de car\u00e0cter personal en el referit fitxer, titularitat del CL\u00daSTERMAV.<\/p>\n<p>Si el CL\u00daSTERMAV fora a utilitzar dades per a una altra finalitat que no sigui la millora de la plataforma hauria avisar als seus usuaris esgrimint perqu\u00e8 es recullen les dades, la identitat i adre\u00e7a del responsable del fitxer i de la facultat de l&#8217;usuari d&#8217;exercitar els drets d&#8217; acc\u00e9s, rectificaci\u00f3, cancel\u00b7laci\u00f3 i oposici\u00f3 al tractament de les seves dades.<\/p>\n<h2>CESSI\u00d3 A TERCERS AMB CONSENTIMENT<\/h2>\n<p>El CL\u00daSTERMAV no cedeix dades de car\u00e0cter personal sense el consentiment expr\u00e9s dels seus titulars, que haur\u00e0 de ser concedit en cada ocasi\u00f3, sent nom\u00e9s cedits amb la finalitat expressada i sempre amb el consentiment de l&#8217;usuari o client.<\/p>\n<p>L&#8217;Usuari autoritza a la cessi\u00f3 de la dada del seu correu electr\u00f2nic als seus contactes en el CL\u00daSTERMAV, amb la finalitat d&#8217;establir un entorn participatiu. Aix\u00ed mateix, en el cas de ser requerit a l&#8217;efecte, el CL\u00daSTERMAV de comunicar les dades personals de l&#8217;Usuari a les autoritats competents per cooperar en qualsevol investigaci\u00f3.<\/p>\n<p>La revelaci\u00f3 de qualsevol altra dada personal a un tercer pel CL\u00daSTERMAV per a qualsevol altre objectiu exigir\u00e0 el consentiment previ de l&#8217;usuari, havent informar el CL\u00daSTERMAV sobre la identitat del tercer i l&#8217;objectiu de tal revelaci\u00f3.<\/p>\n<h2>CONFIDENCIALITAT I SECRET PROFESSIONAL<\/h2>\n<p>Les dades recollides en totes les comunicacions privades entre el CL\u00daSTERMAV i els Usuaris seran tractades amb absoluta confidencialitat, comprometent-se l&#8217;CL\u00daSTERMAV a l&#8217;obligaci\u00f3 de secret de les dades de car\u00e0cter personal, al seu deure de guardar-les i adoptar totes les mesures necess\u00e0ries que evitin la seva alteraci\u00f3 , p\u00e8rdua i tractament o acc\u00e9s no autoritzat, d&#8217;acord amb el que estableix el Reglament de Mesures de Seguretat dels Fitxers que continguin dades de car\u00e0cter personal.<\/p>\n<p>A m\u00e9s, tamb\u00e9 tindr\u00e0 la condici\u00f3 de confidencial la informaci\u00f3 de qualsevol tipus que les parts intercanvi\u00efn entre si, aquella que aquestes acordin que t\u00e9 tal naturalesa, o la que simplement veure sobre el contingut d&#8217;aquesta informaci\u00f3. La visualitzaci\u00f3 de dades a trav\u00e9s d&#8217;Internet, no suposar\u00e0 l&#8217;acc\u00e9s directe als mateixos, excepte consentiment expr\u00e9s del seu titular per a cada ocasi\u00f3.<\/p>\n<p>Recomanem al client que no faciliti a tercers la seva identificaci\u00f3, contrasenya o n\u00fameros de refer\u00e8ncia que el CL\u00daSTERMAV pogu\u00e9s proporcionar-li. Aix\u00ed mateix, per garantir que la protecci\u00f3 del secret professional entre el CL\u00daSTERMAV i l&#8217;Usuari es preservi en totes les comunicacions, l&#8217;Usuari no ha de revelar la informaci\u00f3 confidencial a tercers.<\/p>\n<h2>CANVIS EN LA POL\u00cdTICA DE SEGURETAT I DE PROTECCI\u00d3 DE DADES<\/h2>\n<p>El CL\u00daSTERMAV es reserva el dret de modificar la seva pol\u00edtica de seguretat i protecci\u00f3 de dades amb l&#8217;objecte d&#8217;adaptar a les novetats legislatives o jurisprudencials, aix\u00ed com les que poguessin derivar-se de codis tipus existents en la mat\u00e8ria, o per decisions corporatives estrat\u00e8giques, amb efectes de la data de publicaci\u00f3 d&#8217;aquesta modificaci\u00f3 en la web.<\/p>\n<h2>EXERCICI DE DRETS<\/h2>\n<p>L&#8217;Usuari t\u00e9 dret a oposar-se al tractament de qualsevol de les seves dades que no siguin imprescindibles per a la celebraci\u00f3 del contracte i a la seva utilitzaci\u00f3 per a qualsevol finalitat diferent del manteniment de la seva relaci\u00f3 contractual, com ara els tractaments amb finalitats publicit\u00e0ries. L&#8217;Usuari podr\u00e0 dirigir-se a l&#8217;CL\u00daSTERMAV per tal exercitar el seu dret d&#8217;oposici\u00f3 a aquests tractaments, a trav\u00e9s dels mitjans indicats per a l&#8217;exercici dels seus drets, que s&#8217;exposen en el seg\u00fcent par\u00e0graf.<\/p>\n<p>L&#8217;Usuari podr\u00e0 exercir els seus drets d&#8217;acc\u00e9s a les dades, rectificaci\u00f3, cancel\u00b7laci\u00f3 i oposici\u00f3, mitjan\u00e7ant correu electr\u00f2nic o carta a la direcci\u00f3 de correu o correu electr\u00f2nic indicades en el present av\u00eds adjuntant fotoc\u00f2pia o escaneig del seu D.N.I. o document identificatiu substitutori.<\/p>\n<p>Correu electr\u00f2nic: <a href=\"mailto:comunicacio@clustermav.com\">comunicacio@clustermav.com<\/a><\/p>\n<p>&nbsp;<\/p>\n<\/div>\n\n","protected":false},"excerpt":{"rendered":"<p>Av\u00eds Legal PROTECCI\u00d3 DE DADES I LSSI En compliment de la Llei Org\u00e0nica 15\/1999, de Protecci\u00f3 de Dades de Car\u00e0cter Personal i la seva normativa de desenvolupament, informem l&#8217;Usuari que [&hellip;]<\/p>\n","protected":false},"author":1,"featured_media":0,"parent":0,"menu_order":0,"comment_status":"closed","ping_status":"closed","template":"","meta":{"footnotes":""},"yoast_head":"<!-- This site is optimized with the Yoast SEO plugin v21.0 - https:\/\/yoast.com\/wordpress\/plugins\/seo\/ -->\n<title>Av\u00eds Legal | NanoHUB<\/title>\n<meta name=\"robots\" content=\"index, follow, max-snippet:-1, max-image-preview:large, max-video-preview:-1\" \/>\n<link rel=\"canonical\" href=\"https:\/\/nanohub.cat\/ca\/avis-legal\/\" \/>\n<meta property=\"og:locale\" content=\"ca_ES\" \/>\n<meta property=\"og:type\" content=\"article\" \/>\n<meta property=\"og:title\" content=\"Av\u00eds Legal | NanoHUB\" \/>\n<meta property=\"og:description\" content=\"Av\u00eds Legal PROTECCI\u00d3 DE DADES I LSSI En compliment de la Llei Org\u00e0nica 15\/1999, de Protecci\u00f3 de Dades de Car\u00e0cter Personal i la seva normativa de desenvolupament, informem l&#8217;Usuari que [&hellip;]\" \/>\n<meta property=\"og:url\" content=\"https:\/\/nanohub.cat\/ca\/avis-legal\/\" \/>\n<meta property=\"og:site_name\" content=\"NanoHUB\" \/>\n<meta property=\"article:modified_time\" content=\"2023-04-21T14:11:53+00:00\" \/>\n<meta name=\"twitter:card\" content=\"summary_large_image\" \/>\n<meta name=\"twitter:label1\" content=\"Temps estimat de lectura\" \/>\n\t<meta name=\"twitter:data1\" content=\"5 minuts\" \/>\n<script type=\"application\/ld+json\" class=\"yoast-schema-graph\">{\"@context\":\"https:\/\/schema.org\",\"@graph\":[{\"@type\":\"WebPage\",\"@id\":\"https:\/\/nanohub.cat\/ca\/avis-legal\/\",\"url\":\"https:\/\/nanohub.cat\/ca\/avis-legal\/\",\"name\":\"Av\u00eds Legal | NanoHUB\",\"isPartOf\":{\"@id\":\"https:\/\/nanohub.cat\/ca\/#website\"},\"datePublished\":\"2018-05-21T08:31:52+00:00\",\"dateModified\":\"2023-04-21T14:11:53+00:00\",\"breadcrumb\":{\"@id\":\"https:\/\/nanohub.cat\/ca\/avis-legal\/#breadcrumb\"},\"inLanguage\":\"ca\",\"potentialAction\":[{\"@type\":\"ReadAction\",\"target\":[\"https:\/\/nanohub.cat\/ca\/avis-legal\/\"]}]},{\"@type\":\"BreadcrumbList\",\"@id\":\"https:\/\/nanohub.cat\/ca\/avis-legal\/#breadcrumb\",\"itemListElement\":[{\"@type\":\"ListItem\",\"position\":1,\"name\":\"Inici\",\"item\":\"https:\/\/nanohub.cat\/ca\/\"},{\"@type\":\"ListItem\",\"position\":2,\"name\":\"Av\u00eds Legal\"}]},{\"@type\":\"WebSite\",\"@id\":\"https:\/\/nanohub.cat\/ca\/#website\",\"url\":\"https:\/\/nanohub.cat\/ca\/\",\"name\":\"NanoHUB\",\"description\":\"\",\"potentialAction\":[{\"@type\":\"SearchAction\",\"target\":{\"@type\":\"EntryPoint\",\"urlTemplate\":\"https:\/\/nanohub.cat\/ca\/?s={search_term_string}\"},\"query-input\":\"required name=search_term_string\"}],\"inLanguage\":\"ca\"}]}<\/script>\n<!-- \/ Yoast SEO plugin. -->","yoast_head_json":{"title":"Av\u00eds Legal | NanoHUB","robots":{"index":"index","follow":"follow","max-snippet":"max-snippet:-1","max-image-preview":"max-image-preview:large","max-video-preview":"max-video-preview:-1"},"canonical":"https:\/\/nanohub.cat\/ca\/avis-legal\/","og_locale":"ca_ES","og_type":"article","og_title":"Av\u00eds Legal | NanoHUB","og_description":"Av\u00eds Legal PROTECCI\u00d3 DE DADES I LSSI En compliment de la Llei Org\u00e0nica 15\/1999, de Protecci\u00f3 de Dades de Car\u00e0cter Personal i la seva normativa de desenvolupament, informem l&#8217;Usuari que [&hellip;]","og_url":"https:\/\/nanohub.cat\/ca\/avis-legal\/","og_site_name":"NanoHUB","article_modified_time":"2023-04-21T14:11:53+00:00","twitter_card":"summary_large_image","twitter_misc":{"Temps estimat de lectura":"5 minuts"},"schema":{"@context":"https:\/\/schema.org","@graph":[{"@type":"WebPage","@id":"https:\/\/nanohub.cat\/ca\/avis-legal\/","url":"https:\/\/nanohub.cat\/ca\/avis-legal\/","name":"Av\u00eds Legal | NanoHUB","isPartOf":{"@id":"https:\/\/nanohub.cat\/ca\/#website"},"datePublished":"2018-05-21T08:31:52+00:00","dateModified":"2023-04-21T14:11:53+00:00","breadcrumb":{"@id":"https:\/\/nanohub.cat\/ca\/avis-legal\/#breadcrumb"},"inLanguage":"ca","potentialAction":[{"@type":"ReadAction","target":["https:\/\/nanohub.cat\/ca\/avis-legal\/"]}]},{"@type":"BreadcrumbList","@id":"https:\/\/nanohub.cat\/ca\/avis-legal\/#breadcrumb","itemListElement":[{"@type":"ListItem","position":1,"name":"Inici","item":"https:\/\/nanohub.cat\/ca\/"},{"@type":"ListItem","position":2,"name":"Av\u00eds Legal"}]},{"@type":"WebSite","@id":"https:\/\/nanohub.cat\/ca\/#website","url":"https:\/\/nanohub.cat\/ca\/","name":"NanoHUB","description":"","potentialAction":[{"@type":"SearchAction","target":{"@type":"EntryPoint","urlTemplate":"https:\/\/nanohub.cat\/ca\/?s={search_term_string}"},"query-input":"required name=search_term_string"}],"inLanguage":"ca"}]}},"_links":{"self":[{"href":"https:\/\/nanohub.cat\/ca\/wp-json\/wp\/v2\/pages\/21"}],"collection":[{"href":"https:\/\/nanohub.cat\/ca\/wp-json\/wp\/v2\/pages"}],"about":[{"href":"https:\/\/nanohub.cat\/ca\/wp-json\/wp\/v2\/types\/page"}],"author":[{"embeddable":true,"href":"https:\/\/nanohub.cat\/ca\/wp-json\/wp\/v2\/users\/1"}],"replies":[{"embeddable":true,"href":"https:\/\/nanohub.cat\/ca\/wp-json\/wp\/v2\/comments?post=21"}],"version-history":[{"count":6,"href":"https:\/\/nanohub.cat\/ca\/wp-json\/wp\/v2\/pages\/21\/revisions"}],"predecessor-version":[{"id":1560,"href":"https:\/\/nanohub.cat\/ca\/wp-json\/wp\/v2\/pages\/21\/revisions\/1560"}],"wp:attachment":[{"href":"https:\/\/nanohub.cat\/ca\/wp-json\/wp\/v2\/media?parent=21"}],"curies":[{"name":"wp","href":"https:\/\/api.w.org\/{rel}","templated":true}]}}