{"id":2,"date":"2018-02-12T16:50:04","date_gmt":"2018-02-12T15:50:04","guid":{"rendered":"https:\/\/elpalauvell.com\/?page_id=2"},"modified":"2023-09-27T09:37:56","modified_gmt":"2023-09-27T07:37:56","slug":"cercadors","status":"publish","type":"page","link":"https:\/\/nanohub.cat\/ca\/cercadors\/","title":{"rendered":"Cercadors"},"content":{"rendered":"\n<div style=\"height:150px\" aria-hidden=\"true\" class=\"wp-block-spacer\"><\/div>\n\n\n<div class=\"wp-block-image\">\n<figure class=\"aligncenter size-full\"><img decoding=\"async\" loading=\"lazy\" width=\"306\" height=\"114\" src=\"https:\/\/nanohub.cat\/wp-content\/uploads\/2023\/09\/nanohub_blanc.png\" alt=\"\" class=\"wp-image-2086\" srcset=\"https:\/\/nanohub.cat\/wp-content\/uploads\/2023\/09\/nanohub_blanc.png 306w, https:\/\/nanohub.cat\/wp-content\/uploads\/2023\/09\/nanohub_blanc-300x112.png 300w\" sizes=\"(max-width: 306px) 100vw, 306px\" \/><\/figure><\/div>","protected":false},"excerpt":{"rendered":"","protected":false},"author":1,"featured_media":0,"parent":0,"menu_order":0,"comment_status":"closed","ping_status":"closed","template":"cercadors.php","meta":{"footnotes":""},"yoast_head":"<!-- This site is optimized with the Yoast SEO plugin v21.0 - https:\/\/yoast.com\/wordpress\/plugins\/seo\/ -->\n<title>NanoHUB - Cercador de serveis i infraestructures de nanotecnologia.<\/title>\n<meta name=\"description\" content=\"NanoHUB.cat \u00e9s una plataforma del Cl\u00faster de Materials Avan\u00e7ats de Catalunya. El prop\u00f2sit principal de la plataforma \u00e9s el de connectar organitzacions dedicades o relacionades amb la nanotecnologia per tal d\u2019incrementar la seva capacitat i competitivitat.\" \/>\n<meta name=\"robots\" content=\"index, follow, max-snippet:-1, max-image-preview:large, max-video-preview:-1\" \/>\n<link rel=\"canonical\" href=\"https:\/\/nanohub.cat\/ca\/cercadors\/\" \/>\n<meta property=\"og:locale\" content=\"ca_ES\" \/>\n<meta property=\"og:type\" content=\"article\" \/>\n<meta property=\"og:title\" content=\"NanoHUB - Cercador de serveis i infraestructures de nanotecnologia.\" \/>\n<meta property=\"og:description\" content=\"NanoHUB.cat \u00e9s una plataforma del Cl\u00faster de Materials Avan\u00e7ats de Catalunya. El prop\u00f2sit principal de la plataforma \u00e9s el de connectar organitzacions dedicades o relacionades amb la nanotecnologia per tal d\u2019incrementar la seva capacitat i competitivitat.\" \/>\n<meta property=\"og:url\" content=\"https:\/\/nanohub.cat\/ca\/cercadors\/\" \/>\n<meta property=\"og:site_name\" content=\"NanoHUB\" \/>\n<meta property=\"article:modified_time\" content=\"2023-09-27T07:37:56+00:00\" \/>\n<meta property=\"og:image\" content=\"https:\/\/nanohub.cat\/wp-content\/uploads\/2023\/09\/nanohub_blanc.png\" \/>\n<meta name=\"twitter:card\" content=\"summary_large_image\" \/>\n<script type=\"application\/ld+json\" class=\"yoast-schema-graph\">{\"@context\":\"https:\/\/schema.org\",\"@graph\":[{\"@type\":\"WebPage\",\"@id\":\"https:\/\/nanohub.cat\/ca\/cercadors\/\",\"url\":\"https:\/\/nanohub.cat\/ca\/cercadors\/\",\"name\":\"NanoHUB - Cercador de serveis i infraestructures de nanotecnologia.\",\"isPartOf\":{\"@id\":\"https:\/\/nanohub.cat\/ca\/#website\"},\"datePublished\":\"2018-02-12T15:50:04+00:00\",\"dateModified\":\"2023-09-27T07:37:56+00:00\",\"description\":\"NanoHUB.cat \u00e9s una plataforma del Cl\u00faster de Materials Avan\u00e7ats de Catalunya. El prop\u00f2sit principal de la plataforma \u00e9s el de connectar organitzacions dedicades o relacionades amb la nanotecnologia per tal d\u2019incrementar la seva capacitat i competitivitat.\",\"breadcrumb\":{\"@id\":\"https:\/\/nanohub.cat\/ca\/cercadors\/#breadcrumb\"},\"inLanguage\":\"ca\",\"potentialAction\":[{\"@type\":\"ReadAction\",\"target\":[\"https:\/\/nanohub.cat\/ca\/cercadors\/\"]}]},{\"@type\":\"BreadcrumbList\",\"@id\":\"https:\/\/nanohub.cat\/ca\/cercadors\/#breadcrumb\",\"itemListElement\":[{\"@type\":\"ListItem\",\"position\":1,\"name\":\"Inici\",\"item\":\"https:\/\/nanohub.cat\/ca\/\"},{\"@type\":\"ListItem\",\"position\":2,\"name\":\"Cercadors\"}]},{\"@type\":\"WebSite\",\"@id\":\"https:\/\/nanohub.cat\/ca\/#website\",\"url\":\"https:\/\/nanohub.cat\/ca\/\",\"name\":\"NanoHUB\",\"description\":\"\",\"potentialAction\":[{\"@type\":\"SearchAction\",\"target\":{\"@type\":\"EntryPoint\",\"urlTemplate\":\"https:\/\/nanohub.cat\/ca\/?s={search_term_string}\"},\"query-input\":\"required name=search_term_string\"}],\"inLanguage\":\"ca\"}]}<\/script>\n<!-- \/ Yoast SEO plugin. -->","yoast_head_json":{"title":"NanoHUB - Cercador de serveis i infraestructures de nanotecnologia.","description":"NanoHUB.cat \u00e9s una plataforma del Cl\u00faster de Materials Avan\u00e7ats de Catalunya. El prop\u00f2sit principal de la plataforma \u00e9s el de connectar organitzacions dedicades o relacionades amb la nanotecnologia per tal d\u2019incrementar la seva capacitat i competitivitat.","robots":{"index":"index","follow":"follow","max-snippet":"max-snippet:-1","max-image-preview":"max-image-preview:large","max-video-preview":"max-video-preview:-1"},"canonical":"https:\/\/nanohub.cat\/ca\/cercadors\/","og_locale":"ca_ES","og_type":"article","og_title":"NanoHUB - Cercador de serveis i infraestructures de nanotecnologia.","og_description":"NanoHUB.cat \u00e9s una plataforma del Cl\u00faster de Materials Avan\u00e7ats de Catalunya. El prop\u00f2sit principal de la plataforma \u00e9s el de connectar organitzacions dedicades o relacionades amb la nanotecnologia per tal d\u2019incrementar la seva capacitat i competitivitat.","og_url":"https:\/\/nanohub.cat\/ca\/cercadors\/","og_site_name":"NanoHUB","article_modified_time":"2023-09-27T07:37:56+00:00","og_image":[{"url":"https:\/\/nanohub.cat\/wp-content\/uploads\/2023\/09\/nanohub_blanc.png"}],"twitter_card":"summary_large_image","schema":{"@context":"https:\/\/schema.org","@graph":[{"@type":"WebPage","@id":"https:\/\/nanohub.cat\/ca\/cercadors\/","url":"https:\/\/nanohub.cat\/ca\/cercadors\/","name":"NanoHUB - Cercador de serveis i infraestructures de nanotecnologia.","isPartOf":{"@id":"https:\/\/nanohub.cat\/ca\/#website"},"datePublished":"2018-02-12T15:50:04+00:00","dateModified":"2023-09-27T07:37:56+00:00","description":"NanoHUB.cat \u00e9s una plataforma del Cl\u00faster de Materials Avan\u00e7ats de Catalunya. El prop\u00f2sit principal de la plataforma \u00e9s el de connectar organitzacions dedicades o relacionades amb la nanotecnologia per tal d\u2019incrementar la seva capacitat i competitivitat.","breadcrumb":{"@id":"https:\/\/nanohub.cat\/ca\/cercadors\/#breadcrumb"},"inLanguage":"ca","potentialAction":[{"@type":"ReadAction","target":["https:\/\/nanohub.cat\/ca\/cercadors\/"]}]},{"@type":"BreadcrumbList","@id":"https:\/\/nanohub.cat\/ca\/cercadors\/#breadcrumb","itemListElement":[{"@type":"ListItem","position":1,"name":"Inici","item":"https:\/\/nanohub.cat\/ca\/"},{"@type":"ListItem","position":2,"name":"Cercadors"}]},{"@type":"WebSite","@id":"https:\/\/nanohub.cat\/ca\/#website","url":"https:\/\/nanohub.cat\/ca\/","name":"NanoHUB","description":"","potentialAction":[{"@type":"SearchAction","target":{"@type":"EntryPoint","urlTemplate":"https:\/\/nanohub.cat\/ca\/?s={search_term_string}"},"query-input":"required name=search_term_string"}],"inLanguage":"ca"}]}},"_links":{"self":[{"href":"https:\/\/nanohub.cat\/ca\/wp-json\/wp\/v2\/pages\/2"}],"collection":[{"href":"https:\/\/nanohub.cat\/ca\/wp-json\/wp\/v2\/pages"}],"about":[{"href":"https:\/\/nanohub.cat\/ca\/wp-json\/wp\/v2\/types\/page"}],"author":[{"embeddable":true,"href":"https:\/\/nanohub.cat\/ca\/wp-json\/wp\/v2\/users\/1"}],"replies":[{"embeddable":true,"href":"https:\/\/nanohub.cat\/ca\/wp-json\/wp\/v2\/comments?post=2"}],"version-history":[{"count":21,"href":"https:\/\/nanohub.cat\/ca\/wp-json\/wp\/v2\/pages\/2\/revisions"}],"predecessor-version":[{"id":2096,"href":"https:\/\/nanohub.cat\/ca\/wp-json\/wp\/v2\/pages\/2\/revisions\/2096"}],"wp:attachment":[{"href":"https:\/\/nanohub.cat\/ca\/wp-json\/wp\/v2\/media?parent=2"}],"curies":[{"name":"wp","href":"https:\/\/api.w.org\/{rel}","templated":true}]}}