{"id":19,"date":"2018-05-21T10:30:37","date_gmt":"2018-05-21T08:30:37","guid":{"rendered":"https:\/\/binomix.com\/?page_id=19"},"modified":"2023-04-21T16:18:30","modified_gmt":"2023-04-21T14:18:30","slug":"politica-de-cookies","status":"publish","type":"page","link":"https:\/\/nanohub.cat\/ca\/politica-de-cookies\/","title":{"rendered":"Pol\u00edtica de Cookies"},"content":{"rendered":"\n<div class=\"textos-legals\">\n<h1>Pol\u00edtica de cookies<\/h1>\n<p>Les cookies s\u00f3n breus informacions que s&#8217;envien i emmagatzemen en el disc dur de l&#8217;ordinador de l&#8217;usuari a trav\u00e9s del seu navegador quan aquest es connecta a una web.<\/p>\n<p>Les cookies es poden utilitzar per recaptar i emmagatzemar dades de l&#8217;usuari mentre est\u00e0 connectat per facilitar-li els serveis sol\u00b7licitats i que no se solen conservar (cookies de sessi\u00f3 ) , o per conservar les dades de l&#8217;usuari per a un altre tipus de serveis futurs i que es poden conservar per temps indefinit (cookies persistents ) . Les cookies poden ser pr\u00f2pies o de tercers.<br \/>Existeixen diversos tipus de cookies :<\/p>\n<ol type=\"1\">\n<li>Cookies t\u00e8cniques que faciliten la navegaci\u00f3 de l&#8217;usuari i la utilitzaci\u00f3 de les diferents opcions o serveis que ofereix la web com identificar la sessi\u00f3, permetre l&#8217;acc\u00e9s a determinades \u00e0rees, facilitar comandes, compres, emplenament de formularis, inscripcions, seguretat, facilitar funcionalitats (v\u00eddeos, xarxes socials, etc.).<\/li>\n<li>Cookies de personalitzaci\u00f3 que permeten a l&#8217;usuari accedir als serveis segons les seves prefer\u00e8ncies (idioma, navegador, configuraci\u00f3, etc.).<\/li>\n<li>Cookies d&#8217;an\u00e0lisi que permeten l&#8217;an\u00e0lisi an\u00f2nima del comportament dels usuaris de la web i que permeten mesurar l&#8217;activitat de l&#8217;usuari i elaborar perfils de navegaci\u00f3 amb la fi objectiva de millorar els llocs web.<\/li>\n<li>Cookies publicit\u00e0ries que permeten la gesti\u00f3 dels espais publicitaris de la web.<\/li>\n<li>Cookies de publicitat personalitzada que permeten la gesti\u00f3 dels espais publicitaris de la web sobre la base del comportament i els h\u00e0bits de navegaci\u00f3 de l&#8217;usuari, d&#8217;on obt\u00e9 el seu perfil i aquest fet permet personalitzar la publicitat que es mostra en el navegador de l&#8217;usuari.<\/li>\n<\/ol>\n<p>Aquesta web \u00fanicament utilitza cookies t\u00e8cniques, de personalitzaci\u00f3 i an\u00e0lisi, pr\u00f2pies i de tercers, que en cap cas tracten dades de car\u00e0cter personal ni capten h\u00e0bits de navegaci\u00f3 per a finalitats publicit\u00e0ries.<\/p>\n<p>Per aix\u00f2, a accedir a la nostra web, en compliment de l&#8217;article 22 de la Llei de Serveis de la Societat de la Informaci\u00f3, en tractar cookies d&#8217;an\u00e0lisi, li hem sol\u00b7licitat el seu consentiment per al seu \u00fas, que en tot cas s&#8217;instal\u00b7laran passat un termini de temps prudencial perqu\u00e8 l&#8217;usuari tingui temps de decidir prestar el seu consentiment o no.<\/p>\n<p>De totes maneres, li informem que pot activar o desactivar aquestes cookies seguint les instruccions del seu navegador d&#8217;Internet.<\/p>\n<\/div>\n","protected":false},"excerpt":{"rendered":"<p>Pol\u00edtica de cookies Les cookies s\u00f3n breus informacions que s&#8217;envien i emmagatzemen en el disc dur de l&#8217;ordinador de l&#8217;usuari a trav\u00e9s del seu navegador quan aquest es connecta a [&hellip;]<\/p>\n","protected":false},"author":1,"featured_media":0,"parent":0,"menu_order":0,"comment_status":"closed","ping_status":"closed","template":"","meta":{"footnotes":""},"yoast_head":"<!-- This site is optimized with the Yoast SEO plugin v21.0 - https:\/\/yoast.com\/wordpress\/plugins\/seo\/ -->\n<title>Pol\u00edtica de Cookies | NanoHUB<\/title>\n<meta name=\"robots\" content=\"index, follow, max-snippet:-1, max-image-preview:large, max-video-preview:-1\" \/>\n<link rel=\"canonical\" href=\"https:\/\/nanohub.cat\/ca\/politica-de-cookies\/\" \/>\n<meta property=\"og:locale\" content=\"ca_ES\" \/>\n<meta property=\"og:type\" content=\"article\" \/>\n<meta property=\"og:title\" content=\"Pol\u00edtica de Cookies | NanoHUB\" \/>\n<meta property=\"og:description\" content=\"Pol\u00edtica de cookies Les cookies s\u00f3n breus informacions que s&#8217;envien i emmagatzemen en el disc dur de l&#8217;ordinador de l&#8217;usuari a trav\u00e9s del seu navegador quan aquest es connecta a [&hellip;]\" \/>\n<meta property=\"og:url\" content=\"https:\/\/nanohub.cat\/ca\/politica-de-cookies\/\" \/>\n<meta property=\"og:site_name\" content=\"NanoHUB\" \/>\n<meta property=\"article:modified_time\" content=\"2023-04-21T14:18:30+00:00\" \/>\n<meta name=\"twitter:card\" content=\"summary_large_image\" \/>\n<meta name=\"twitter:label1\" content=\"Temps estimat de lectura\" \/>\n\t<meta name=\"twitter:data1\" content=\"2 minuts\" \/>\n<script type=\"application\/ld+json\" class=\"yoast-schema-graph\">{\"@context\":\"https:\/\/schema.org\",\"@graph\":[{\"@type\":\"WebPage\",\"@id\":\"https:\/\/nanohub.cat\/ca\/politica-de-cookies\/\",\"url\":\"https:\/\/nanohub.cat\/ca\/politica-de-cookies\/\",\"name\":\"Pol\u00edtica de Cookies | NanoHUB\",\"isPartOf\":{\"@id\":\"https:\/\/nanohub.cat\/ca\/#website\"},\"datePublished\":\"2018-05-21T08:30:37+00:00\",\"dateModified\":\"2023-04-21T14:18:30+00:00\",\"breadcrumb\":{\"@id\":\"https:\/\/nanohub.cat\/ca\/politica-de-cookies\/#breadcrumb\"},\"inLanguage\":\"ca\",\"potentialAction\":[{\"@type\":\"ReadAction\",\"target\":[\"https:\/\/nanohub.cat\/ca\/politica-de-cookies\/\"]}]},{\"@type\":\"BreadcrumbList\",\"@id\":\"https:\/\/nanohub.cat\/ca\/politica-de-cookies\/#breadcrumb\",\"itemListElement\":[{\"@type\":\"ListItem\",\"position\":1,\"name\":\"Inici\",\"item\":\"https:\/\/nanohub.cat\/ca\/\"},{\"@type\":\"ListItem\",\"position\":2,\"name\":\"Pol\u00edtica de Cookies\"}]},{\"@type\":\"WebSite\",\"@id\":\"https:\/\/nanohub.cat\/ca\/#website\",\"url\":\"https:\/\/nanohub.cat\/ca\/\",\"name\":\"NanoHUB\",\"description\":\"\",\"potentialAction\":[{\"@type\":\"SearchAction\",\"target\":{\"@type\":\"EntryPoint\",\"urlTemplate\":\"https:\/\/nanohub.cat\/ca\/?s={search_term_string}\"},\"query-input\":\"required name=search_term_string\"}],\"inLanguage\":\"ca\"}]}<\/script>\n<!-- \/ Yoast SEO plugin. -->","yoast_head_json":{"title":"Pol\u00edtica de Cookies | NanoHUB","robots":{"index":"index","follow":"follow","max-snippet":"max-snippet:-1","max-image-preview":"max-image-preview:large","max-video-preview":"max-video-preview:-1"},"canonical":"https:\/\/nanohub.cat\/ca\/politica-de-cookies\/","og_locale":"ca_ES","og_type":"article","og_title":"Pol\u00edtica de Cookies | NanoHUB","og_description":"Pol\u00edtica de cookies Les cookies s\u00f3n breus informacions que s&#8217;envien i emmagatzemen en el disc dur de l&#8217;ordinador de l&#8217;usuari a trav\u00e9s del seu navegador quan aquest es connecta a [&hellip;]","og_url":"https:\/\/nanohub.cat\/ca\/politica-de-cookies\/","og_site_name":"NanoHUB","article_modified_time":"2023-04-21T14:18:30+00:00","twitter_card":"summary_large_image","twitter_misc":{"Temps estimat de lectura":"2 minuts"},"schema":{"@context":"https:\/\/schema.org","@graph":[{"@type":"WebPage","@id":"https:\/\/nanohub.cat\/ca\/politica-de-cookies\/","url":"https:\/\/nanohub.cat\/ca\/politica-de-cookies\/","name":"Pol\u00edtica de Cookies | NanoHUB","isPartOf":{"@id":"https:\/\/nanohub.cat\/ca\/#website"},"datePublished":"2018-05-21T08:30:37+00:00","dateModified":"2023-04-21T14:18:30+00:00","breadcrumb":{"@id":"https:\/\/nanohub.cat\/ca\/politica-de-cookies\/#breadcrumb"},"inLanguage":"ca","potentialAction":[{"@type":"ReadAction","target":["https:\/\/nanohub.cat\/ca\/politica-de-cookies\/"]}]},{"@type":"BreadcrumbList","@id":"https:\/\/nanohub.cat\/ca\/politica-de-cookies\/#breadcrumb","itemListElement":[{"@type":"ListItem","position":1,"name":"Inici","item":"https:\/\/nanohub.cat\/ca\/"},{"@type":"ListItem","position":2,"name":"Pol\u00edtica de Cookies"}]},{"@type":"WebSite","@id":"https:\/\/nanohub.cat\/ca\/#website","url":"https:\/\/nanohub.cat\/ca\/","name":"NanoHUB","description":"","potentialAction":[{"@type":"SearchAction","target":{"@type":"EntryPoint","urlTemplate":"https:\/\/nanohub.cat\/ca\/?s={search_term_string}"},"query-input":"required name=search_term_string"}],"inLanguage":"ca"}]}},"_links":{"self":[{"href":"https:\/\/nanohub.cat\/ca\/wp-json\/wp\/v2\/pages\/19"}],"collection":[{"href":"https:\/\/nanohub.cat\/ca\/wp-json\/wp\/v2\/pages"}],"about":[{"href":"https:\/\/nanohub.cat\/ca\/wp-json\/wp\/v2\/types\/page"}],"author":[{"embeddable":true,"href":"https:\/\/nanohub.cat\/ca\/wp-json\/wp\/v2\/users\/1"}],"replies":[{"embeddable":true,"href":"https:\/\/nanohub.cat\/ca\/wp-json\/wp\/v2\/comments?post=19"}],"version-history":[{"count":6,"href":"https:\/\/nanohub.cat\/ca\/wp-json\/wp\/v2\/pages\/19\/revisions"}],"predecessor-version":[{"id":1563,"href":"https:\/\/nanohub.cat\/ca\/wp-json\/wp\/v2\/pages\/19\/revisions\/1563"}],"wp:attachment":[{"href":"https:\/\/nanohub.cat\/ca\/wp-json\/wp\/v2\/media?parent=19"}],"curies":[{"name":"wp","href":"https:\/\/api.w.org\/{rel}","templated":true}]}}